{"id":15,"date":"2018-10-01T21:14:08","date_gmt":"2018-10-01T21:14:08","guid":{"rendered":"http:\/\/armbrecht.xn--sv-ltgenrode-glb.de\/?page_id=15"},"modified":"2018-10-01T21:14:08","modified_gmt":"2018-10-01T21:14:08","slug":"leistungen","status":"publish","type":"page","link":"https:\/\/sv-armbrecht.de\/?page_id=15","title":{"rendered":"Sofortma\u00dfnahmen bei Unfall"},"content":{"rendered":"<h3>Das sollten Sie als erstes am Unfallort tun!<\/h3>\n<p>&nbsp;<\/p>\n<p><b>NOTIEREN SIE<br \/>\n<\/b>das amtliche Kennzeichen, Name, Anschrift und Versicherung des Unfallgegners Adressen von Zeugen Name und Dienststelle des den Unfall aufnehmenden Polizeibeamten (bestehen Sie bei unklarer Situation darauf, die Polizei hinzuzuziehen); <b>bei Personensch\u00e4den ist unbedingt die Polizei zu rufen<\/b>.<\/p>\n<p><b>FOTOGRAFIEREN SIE<br \/>\n<\/b>nach M\u00f6glichkeit den Unfallort und die Fahrzeuge in der Stellung nach dem Zusammensto\u00df. Achten Sie auf Bremsspuren, Fl\u00fcssigkeitsaustritte etc. (es empfiehlt sich, eine einfache Kamera, einen Block f\u00fcr Notizen und etwas \u00d6lkreide im Handschuhfach mitzuf\u00fchren); fertigen Sie eine Skizze vom Unfallhergang an.<\/p>\n<p><b>BESTEHEN SIE DARAUF<br \/>\n<\/b>dass ein qualifizierter, unabh\u00e4ngiger Kfz-Sachverst\u00e4ndiger beauftragt wird, um den Schaden zur Beweissicherung zu begutachten. Die Kosten f\u00fcr den Kfz-Sachverst\u00e4ndigen geh\u00f6ren nach herrschender Rechtsprechung zum Schaden und k\u00f6nnen daher beim Haftpflichtschaden geltend gemacht werden, sofern es sich nicht ersichtlich um einen Bagatellschaden handelt. Bestehen Sie auf der Einschaltung eines Sachverst\u00e4ndigen Ihrer Wahl. Versicherungen sind grunds\u00e4tzlich nicht berechtigt, im Haftpflichtschaden einen qualifizierten Sachverst\u00e4ndigen abzulehnen. Aussagen, der Sachverst\u00e4ndige sei entbehrlich, sind nach st\u00e4ndiger Rechtsprechung unbeachtlich, es sei denn, der Schaden ist f\u00fcr den Laien erkennbar ein Bagatellschaden. Lassen Sie sich nicht auf Kostenvoranschl\u00e4ge oder versicherungseigene Gutachten ein. Denken Sie an die Ihnen h\u00e4ufig zustehende Wertminderung, die der Kfz-Sachverst\u00e4ndige ermittelt.<\/p>\n<p><b>BEAUFTRAGEN SIE<br \/>\n<\/b>m\u00f6glichst fr\u00fchzeitig einen Rechtsanwalt Ihres Vertrauens mit der Vertretung Ihrer Interessen gegen\u00fcber dem Sch\u00e4diger und seinem Versicherer. Wenn Sie keinen Anwalt kennen, der Sie vertreten k\u00f6nnte, k\u00f6nnen Sie sich einen im Verkehrsrecht erfahrenen Anwalt von der Arbeitsgemeinschaft der Verkehrsrechtsanw\u00e4lte im Deutschen Anwaltsverein, Adenauerallee 106, 53113 Bonn, Tel.: (0228) 26 07 17, benennen lassen, bzw. einen Rechtsanwalt ONLINE aufsuchen. <b><br \/>\n<\/b>Die Qualifikation des Gutachters und dessen Unabh\u00e4ngigkeit sind Garanten f\u00fcr korrekte Gutachten. W\u00e4hlen Sie unbedingt einen qualifizierten, unabh\u00e4ngigen Sachverst\u00e4ndigen.<\/p>\n","protected":false},"excerpt":{"rendered":"<p>Das sollten Sie als erstes am Unfallort tun! &nbsp; NOTIEREN SIE das amtliche Kennzeichen, Name, Anschrift und Versicherung des Unfallgegners Adressen von Zeugen Name und Dienststelle des den Unfall aufnehmenden Polizeibeamten (bestehen Sie bei unklarer Situation darauf, die Polizei hinzuzuziehen); bei Personensch\u00e4den ist unbedingt die Polizei zu rufen. FOTOGRAFIEREN SIE nach M\u00f6glichkeit den Unfallort und &hellip; <\/p>\n<p><a class=\"more-link btn\" href=\"https:\/\/sv-armbrecht.de\/?page_id=15\">Weiterlesen<\/a><\/p>\n","protected":false},"author":1,"featured_media":111,"parent":0,"menu_order":0,"comment_status":"closed","ping_status":"closed","template":"","meta":[],"_links":{"self":[{"href":"https:\/\/sv-armbrecht.de\/index.php?rest_route=\/wp\/v2\/pages\/15"}],"collection":[{"href":"https:\/\/sv-armbrecht.de\/index.php?rest_route=\/wp\/v2\/pages"}],"about":[{"href":"https:\/\/sv-armbrecht.de\/index.php?rest_route=\/wp\/v2\/types\/page"}],"author":[{"embeddable":true,"href":"https:\/\/sv-armbrecht.de\/index.php?rest_route=\/wp\/v2\/users\/1"}],"replies":[{"embeddable":true,"href":"https:\/\/sv-armbrecht.de\/index.php?rest_route=%2Fwp%2Fv2%2Fcomments&post=15"}],"version-history":[{"count":0,"href":"https:\/\/sv-armbrecht.de\/index.php?rest_route=\/wp\/v2\/pages\/15\/revisions"}],"wp:featuredmedia":[{"embeddable":true,"href":"https:\/\/sv-armbrecht.de\/index.php?rest_route=\/wp\/v2\/media\/111"}],"wp:attachment":[{"href":"https:\/\/sv-armbrecht.de\/index.php?rest_route=%2Fwp%2Fv2%2Fmedia&parent=15"}],"curies":[{"name":"wp","href":"https:\/\/api.w.org\/{rel}","templated":true}]}}