{"id":51,"date":"2018-10-01T21:43:28","date_gmt":"2018-10-01T21:43:28","guid":{"rendered":"http:\/\/armbrecht.xn--sv-ltgenrode-glb.de\/?page_id=51"},"modified":"2019-11-09T12:26:19","modified_gmt":"2019-11-09T12:26:19","slug":"kontakt","status":"publish","type":"page","link":"https:\/\/sv-armbrecht.de\/?page_id=51","title":{"rendered":"Kontakt"},"content":{"rendered":"<h3>Unser B\u00fcro:<\/h3>\n<p><a href=\"https:\/\/sv-armbrecht.de\/wp-content\/uploads\/2019\/11\/E3F581C2-1919-4E9D-A701-B12C80778DF1.jpeg\"><img decoding=\"async\" loading=\"lazy\" class=\"alignnone size-medium wp-image-223\" src=\"https:\/\/sv-armbrecht.de\/wp-content\/uploads\/2019\/11\/E3F581C2-1919-4E9D-A701-B12C80778DF1-300x200.jpeg\" alt=\"\" width=\"300\" height=\"200\" srcset=\"https:\/\/sv-armbrecht.de\/wp-content\/uploads\/2019\/11\/E3F581C2-1919-4E9D-A701-B12C80778DF1-300x200.jpeg 300w, https:\/\/sv-armbrecht.de\/wp-content\/uploads\/2019\/11\/E3F581C2-1919-4E9D-A701-B12C80778DF1-768x512.jpeg 768w, https:\/\/sv-armbrecht.de\/wp-content\/uploads\/2019\/11\/E3F581C2-1919-4E9D-A701-B12C80778DF1-1024x683.jpeg 1024w\" sizes=\"(max-width: 300px) 100vw, 300px\" \/><\/a><\/p>\n<h3 style=\"text-align: left;\" data-wp-editing=\"1\"><\/h3>\n<h3>Kontaktieren Sie uns jederzeit:<\/h3>\n<p><iframe loading=\"lazy\" style=\"border: 0;\" src=\"https:\/\/www.google.com\/maps\/embed?pb=!1m18!1m12!1m3!1d2472.588792228634!2d9.99025481529063!3d51.70396970413331!2m3!1f0!2f0!3f0!3m2!1i1024!2i768!4f13.1!3m3!1m2!1s0x47a52cc0c9230785%3A0xfb308068a1321d23!2sJ%C3%B6rg+Armbrecht!5e0!3m2!1sde!2sde!4v1539197416731\" width=\"600\" height=\"450\" frameborder=\"0\" allowfullscreen=\"allowfullscreen\"><\/iframe><\/p>\n<p><b>Sachverst\u00e4ndigenb\u00fcro f\u00fcr Kraftfahrzeugwesen<br \/>\nJ\u00f6rg Armbrecht<\/b><\/p>\n<p><b><\/b>G\u00f6ttinger Str. 14<br \/>\n37154 Northeim<\/p>\n<p>oder<\/p>\n<p>Postfach 1134<br \/>\n37141 Northeim<\/p>\n<p><b>Tel: <\/b>+49 (0)5551 &#8211; 4055<\/p>\n<p><b>Fax: <\/b>+49 (0)5551 &#8211; 4211<\/p>\n<p>Mobil: 0172 &#8211; 3960962<\/p>\n<p><b>E-Mail:<\/b> <a href=\"mailto:info@sv-armbrecht.de\" target=\"_blank\" rel=\"noopener noreferrer\">info@sv-armbrecht.de<\/a><\/p>\n","protected":false},"excerpt":{"rendered":"<p>Unser B\u00fcro: Kontaktieren Sie uns jederzeit: Sachverst\u00e4ndigenb\u00fcro f\u00fcr Kraftfahrzeugwesen J\u00f6rg Armbrecht G\u00f6ttinger Str. 14 37154 Northeim oder Postfach 1134 37141 Northeim Tel: +49 (0)5551 &#8211; 4055 Fax: +49 (0)5551 &#8211; 4211 Mobil: 0172 &#8211; 3960962 E-Mail: info@sv-armbrecht.de<\/p>\n","protected":false},"author":1,"featured_media":0,"parent":0,"menu_order":0,"comment_status":"closed","ping_status":"closed","template":"","meta":[],"_links":{"self":[{"href":"https:\/\/sv-armbrecht.de\/index.php?rest_route=\/wp\/v2\/pages\/51"}],"collection":[{"href":"https:\/\/sv-armbrecht.de\/index.php?rest_route=\/wp\/v2\/pages"}],"about":[{"href":"https:\/\/sv-armbrecht.de\/index.php?rest_route=\/wp\/v2\/types\/page"}],"author":[{"embeddable":true,"href":"https:\/\/sv-armbrecht.de\/index.php?rest_route=\/wp\/v2\/users\/1"}],"replies":[{"embeddable":true,"href":"https:\/\/sv-armbrecht.de\/index.php?rest_route=%2Fwp%2Fv2%2Fcomments&post=51"}],"version-history":[{"count":2,"href":"https:\/\/sv-armbrecht.de\/index.php?rest_route=\/wp\/v2\/pages\/51\/revisions"}],"predecessor-version":[{"id":224,"href":"https:\/\/sv-armbrecht.de\/index.php?rest_route=\/wp\/v2\/pages\/51\/revisions\/224"}],"wp:attachment":[{"href":"https:\/\/sv-armbrecht.de\/index.php?rest_route=%2Fwp%2Fv2%2Fmedia&parent=51"}],"curies":[{"name":"wp","href":"https:\/\/api.w.org\/{rel}","templated":true}]}}