{"id":7,"date":"2018-10-01T21:13:27","date_gmt":"2018-10-01T21:13:27","guid":{"rendered":"http:\/\/armbrecht.xn--sv-ltgenrode-glb.de\/?page_id=7"},"modified":"2019-03-14T21:31:33","modified_gmt":"2019-03-14T21:31:33","slug":"startseite","status":"publish","type":"page","link":"https:\/\/sv-armbrecht.de\/","title":{"rendered":"Home"},"content":{"rendered":"<div style=\"text-align: center;\">\n<p><a href=\"https:\/\/sv-armbrecht.de\/wp-content\/uploads\/2019\/03\/Anzeige_180x80mm_aktuell.jpg\"><img decoding=\"async\" loading=\"lazy\" class=\"wp-image-219  aligncenter\" src=\"https:\/\/sv-armbrecht.de\/wp-content\/uploads\/2019\/03\/Anzeige_180x80mm_aktuell-300x133.jpg\" alt=\"\" width=\"558\" height=\"247\" srcset=\"https:\/\/sv-armbrecht.de\/wp-content\/uploads\/2019\/03\/Anzeige_180x80mm_aktuell-300x133.jpg 300w, https:\/\/sv-armbrecht.de\/wp-content\/uploads\/2019\/03\/Anzeige_180x80mm_aktuell-768x342.jpg 768w, https:\/\/sv-armbrecht.de\/wp-content\/uploads\/2019\/03\/Anzeige_180x80mm_aktuell-1024x456.jpg 1024w\" sizes=\"(max-width: 558px) 100vw, 558px\" \/><\/a><\/p>\n<\/div>\n<h2 id=\"body\" style=\"text-align: center;\"><strong>GUTACHTEN | BEWERTUNG | BERATUNG | PR\u00dcFUNGEN<\/strong><\/h2>\n<div id=\"body\">\n<hr \/>\n<h3>Herzlich Willkommen<\/h3>\n<p>Bei der Abwicklung von Unfallsch\u00e4den oder Anspr\u00fcchen aus Gew\u00e4hrleistungs- oder Garantieanforderungen verschenken viele Betroffene bares Geld. Bedienen Sie sich der Hilfe eines erfahrenen Sachverst\u00e4ndigen \u2013 wir sind mit den Abl\u00e4ufen vertraut, unterst\u00fctzen Sie mit unserem Know How und helfen Ihnen, zu einem optimalen Ergebnis zu kommen.<\/p>\n<h4><b>Unternehmensprofil<\/b><\/h4>\n<p>Das Sachverst\u00e4ndigenb\u00fcro f\u00fcr Kraftfahrzeugwesen J\u00f6rg Armbrecht ist ein unabh\u00e4ngiges und \u00fcberregional t\u00e4tiges Dienstleistungsunternehmen mit den Schwerpunkten:<\/p>\n<h4>Beratung, Bewertung, Erstellung von Gutachten, Pr\u00fcfungen<\/h4>\n<p>Dabei greift der Gesch\u00e4ftsf\u00fchrer und Inhaber Herr Armbrecht auf eigene Erfahrungen und Engagement seit 1978 zur\u00fcck. Eine fundierte Ausbildung zum Meister im Kfz -Handwerk mit Abschluss 1991 und der Ausbildung zum Kfz &#8211; Sachverst\u00e4ndigen, gehen mit langj\u00e4hriger praktischer Erfahrung einher. Herr Armbrecht war vor seiner T\u00e4tigkeit als freier Sachverst\u00e4ndiger Kfz &#8211; Meister eines mittelst\u00e4ndigen Unternehmens.<\/p>\n<h4>Wir erstellen Gutachten in den Bereichen:<\/h4>\n<ul>\n<li>KfZ-Haftpflichtsch\u00e4den<\/li>\n<li>KfZ-Kaskosch\u00e4den<\/li>\n<li>KfZ-Bewertung<\/li>\n<li>Allgemeine Haftpflichtsch\u00e4den<\/li>\n<li>Kostenvoranschl\u00e4ge<\/li>\n<li>Wertgutachten<\/li>\n<li>Beweissicherungsgutachten<\/li>\n<\/ul>\n<h4>Wir k\u00f6nnen f\u00fcr Sie auch durchf\u00fchren:<\/h4>\n<ul>\n<li>KfZ-technische Beratung<\/li>\n<li>Beratung beim Autokauf<\/li>\n<li>Beratung in Fragen zum Fahrzeug<\/li>\n<\/ul>\n<h4><b>Das sollten Sie wissen !<\/b><\/h4>\n<p>Sie haben grunds\u00e4tzlich das Recht zur freien Auswahl des Sachverst\u00e4ndigen Ihres Vertrauens, wenn Sie unverschuldet einen Unfall erleiden bzw. wenn Ihr Fahrzeug auf sonstige Weise Besch\u00e4digungen erleidet, die andere Personen oder Institutionen zu vertreten haben (Kraftfahrzeug, Fahrrad, Einkaufswagen, herabfallende Geb\u00e4udeteile\/Dachpfannen etc.).<\/p>\n<p><img decoding=\"async\" loading=\"lazy\" class=\"alignnone size-medium wp-image-109 aligncenter\" src=\"https:\/\/sv-armbrecht.de\/wp-content\/uploads\/2018\/10\/car-accident-1995852_1280-300x174.png\" alt=\"\" width=\"300\" height=\"174\" srcset=\"https:\/\/sv-armbrecht.de\/wp-content\/uploads\/2018\/10\/car-accident-1995852_1280-300x174.png 300w, https:\/\/sv-armbrecht.de\/wp-content\/uploads\/2018\/10\/car-accident-1995852_1280-768x445.png 768w, https:\/\/sv-armbrecht.de\/wp-content\/uploads\/2018\/10\/car-accident-1995852_1280-1024x594.png 1024w, https:\/\/sv-armbrecht.de\/wp-content\/uploads\/2018\/10\/car-accident-1995852_1280.png 1280w\" sizes=\"(max-width: 300px) 100vw, 300px\" \/><\/p>\n<\/div>\n","protected":false},"excerpt":{"rendered":"<p>GUTACHTEN | BEWERTUNG | BERATUNG | PR\u00dcFUNGEN Herzlich Willkommen Bei der Abwicklung von Unfallsch\u00e4den oder Anspr\u00fcchen aus Gew\u00e4hrleistungs- oder Garantieanforderungen verschenken viele Betroffene bares Geld. Bedienen Sie sich der Hilfe eines erfahrenen Sachverst\u00e4ndigen \u2013 wir sind mit den Abl\u00e4ufen vertraut, unterst\u00fctzen Sie mit unserem Know How und helfen Ihnen, zu einem optimalen Ergebnis zu kommen. &hellip; <\/p>\n<p><a class=\"more-link btn\" href=\"https:\/\/sv-armbrecht.de\/\">Weiterlesen<\/a><\/p>\n","protected":false},"author":1,"featured_media":0,"parent":0,"menu_order":0,"comment_status":"closed","ping_status":"closed","template":"","meta":[],"_links":{"self":[{"href":"https:\/\/sv-armbrecht.de\/index.php?rest_route=\/wp\/v2\/pages\/7"}],"collection":[{"href":"https:\/\/sv-armbrecht.de\/index.php?rest_route=\/wp\/v2\/pages"}],"about":[{"href":"https:\/\/sv-armbrecht.de\/index.php?rest_route=\/wp\/v2\/types\/page"}],"author":[{"embeddable":true,"href":"https:\/\/sv-armbrecht.de\/index.php?rest_route=\/wp\/v2\/users\/1"}],"replies":[{"embeddable":true,"href":"https:\/\/sv-armbrecht.de\/index.php?rest_route=%2Fwp%2Fv2%2Fcomments&post=7"}],"version-history":[{"count":7,"href":"https:\/\/sv-armbrecht.de\/index.php?rest_route=\/wp\/v2\/pages\/7\/revisions"}],"predecessor-version":[{"id":222,"href":"https:\/\/sv-armbrecht.de\/index.php?rest_route=\/wp\/v2\/pages\/7\/revisions\/222"}],"wp:attachment":[{"href":"https:\/\/sv-armbrecht.de\/index.php?rest_route=%2Fwp%2Fv2%2Fmedia&parent=7"}],"curies":[{"name":"wp","href":"https:\/\/api.w.org\/{rel}","templated":true}]}}